{"id":626,"date":"2022-10-10T20:41:03","date_gmt":"2022-10-10T23:41:03","guid":{"rendered":"https:\/\/aepadigital.org\/aepa\/?page_id=626"},"modified":"2022-11-04T19:06:24","modified_gmt":"2022-11-04T22:06:24","slug":"actividades","status":"publish","type":"page","link":"https:\/\/aepadigital.org\/aepa\/actividades\/","title":{"rendered":"Actividades"},"content":{"rendered":"\r\n<div class=\"wp-block-uagb-advanced-heading uagb-block-c9546a5e\">\r\n<h2 class=\"uagb-heading-text\">Actividades<\/h2>\r\n<div class=\"uagb-separator\">\u00a0<\/div>\r\n<\/div>\r\n\r\n\r\n\r\n<div class=\"wp-block-spacer\" style=\"height: 77px;\" aria-hidden=\"true\">\u00a0<\/div>\r\n\r\n\r\n\r\n<div class=\"wp-block-uagb-container uagb-block-b07e3516 alignfull uagb-is-root-container\">\r\n<div class=\"uagb-container-inner-blocks-wrap\">\n\t\t\t<div class=\"wp-block-uagb-post-grid uagb-post-grid  uagb-post__image-position-top uagb-post__image-enabled uagb-block-e3f931d8     uagb-post__items uagb-post__columns-2 is-grid uagb-post__columns-tablet-2 uagb-post__columns-mobile-1 uagb-post__equal-height\" data-total=\"1\" style=\"\">\n\n\t\t\t\t\t\t\t\t\t\t\t\t<article class=\"uagb-post__inner-wrap\">\t\t\t\t\t\t\t\t<div class='uagb-post__image'>\n\t\t\t\t\t\t\t\t\t<a href=\"https:\/\/aepadigital.org\/aepa\/el-programa-de-la-jornada-generar-agrocontenidos\/\" target=\"_self\" rel=\"bookmark noopener noreferrer\" class='uagb-image-ratio-inherit'><img loading=\"lazy\" decoding=\"async\" width=\"1024\" height=\"1024\" src=\"https:\/\/aepadigital.org\/aepa\/wp-content\/uploads\/2024\/08\/Disertantes-Feed-AEPA-1-1024x1024.png\" class=\"attachment-large size-large\" alt=\"\" srcset=\"https:\/\/aepadigital.org\/aepa\/wp-content\/uploads\/2024\/08\/Disertantes-Feed-AEPA-1-1024x1024.png 1024w, https:\/\/aepadigital.org\/aepa\/wp-content\/uploads\/2024\/08\/Disertantes-Feed-AEPA-1-300x300.png 300w, https:\/\/aepadigital.org\/aepa\/wp-content\/uploads\/2024\/08\/Disertantes-Feed-AEPA-1-150x150.png 150w, https:\/\/aepadigital.org\/aepa\/wp-content\/uploads\/2024\/08\/Disertantes-Feed-AEPA-1-768x768.png 768w, https:\/\/aepadigital.org\/aepa\/wp-content\/uploads\/2024\/08\/Disertantes-Feed-AEPA-1-1536x1536.png 1536w, https:\/\/aepadigital.org\/aepa\/wp-content\/uploads\/2024\/08\/Disertantes-Feed-AEPA-1-2048x2048.png 2048w, https:\/\/aepadigital.org\/aepa\/wp-content\/uploads\/2024\/08\/Disertantes-Feed-AEPA-1-400x400.png 400w\" sizes=\"auto, (max-width: 1024px) 100vw, 1024px\" \/>\t\t\t\t\t<\/a>\n\t\t\t\t\t\t\t<\/div>\n\t\t\t\t\t\t<h4 class=\"uagb-post__title uagb-post__text\">\n\t\t\t\t<a href=\"https:\/\/aepadigital.org\/aepa\/el-programa-de-la-jornada-generar-agrocontenidos\/\" target=\"_self\" rel=\"bookmark noopener noreferrer\">El programa de la Jornada Generar Agrocontenidos<\/a>\n\t\t\t<\/h4>\n\t\t\t\t\t\t<div class='uagb-post__text uagb-post-grid-byline'>\n\t\t\t\t\t\t\t\t<time datetime=\"2024-08-30T19:10:38-03:00\" class=\"uagb-post__date\">\n\t\t\t\t<span class=\"dashicons-calendar dashicons\"><\/span>\t\t\t\t\t30 de agosto de 2024\t\t\t\t<\/time>\n\t\t\t\t\t\t\t<span class=\"uagb-post__comment\">\n\t\t\t\t<span class=\"dashicons-admin-comments dashicons\"><\/span>\t\t\t\t\tNo hay comentarios\t\t\t\t<\/span>\n\t\t\t\t\t\t<\/div>\n\t\t\t\t\t\t\t<div class='uagb-post__text uagb-post__excerpt'>\n\t\t\t\t\t<p>En el marco del D\u00eda del Periodista Agropecuario, la Asociaci\u00f3n Entrerriana de Periodistas Agropecuarios (AEPA)&#8230;\t\t\t\t<\/div>\n\t\t\t\t\t\t<div class=\"uagb-post__text uagb-post__cta wp-block-button\">\n\t\t\t\t<a class=\"wp-block-button__link uagb-text-link\" style=\"\" href=\"https:\/\/aepadigital.org\/aepa\/el-programa-de-la-jornada-generar-agrocontenidos\/\" target=\"_self\" rel=\"bookmark noopener noreferrer\">Leer m\u00e1s<\/a>\n\t\t\t<\/div>\n\t\t\t\n\t\t\t\t\t\t\t\t\t<\/article>\n\t\t\t\t\t\t\t\t\t\t\t\t\t\t\t\t<article class=\"uagb-post__inner-wrap\">\t\t\t\t\t\t\t\t<div class='uagb-post__image'>\n\t\t\t\t\t\t\t\t\t<a href=\"https:\/\/aepadigital.org\/aepa\/comunicacion-estrategica-en-la-agroindustria-tema-de-una-jornada-de-capacitacion-gratuita\/\" target=\"_self\" rel=\"bookmark noopener noreferrer\" class='uagb-image-ratio-inherit'><img loading=\"lazy\" decoding=\"async\" width=\"1024\" height=\"1024\" src=\"https:\/\/aepadigital.org\/aepa\/wp-content\/uploads\/2023\/07\/WhatsApp-Image-2023-07-18-at-7.49.28-PM-1024x1024.jpeg\" class=\"attachment-large size-large\" alt=\"\" srcset=\"https:\/\/aepadigital.org\/aepa\/wp-content\/uploads\/2023\/07\/WhatsApp-Image-2023-07-18-at-7.49.28-PM-1024x1024.jpeg 1024w, https:\/\/aepadigital.org\/aepa\/wp-content\/uploads\/2023\/07\/WhatsApp-Image-2023-07-18-at-7.49.28-PM-300x300.jpeg 300w, https:\/\/aepadigital.org\/aepa\/wp-content\/uploads\/2023\/07\/WhatsApp-Image-2023-07-18-at-7.49.28-PM-150x150.jpeg 150w, https:\/\/aepadigital.org\/aepa\/wp-content\/uploads\/2023\/07\/WhatsApp-Image-2023-07-18-at-7.49.28-PM-768x768.jpeg 768w, https:\/\/aepadigital.org\/aepa\/wp-content\/uploads\/2023\/07\/WhatsApp-Image-2023-07-18-at-7.49.28-PM-400x400.jpeg 400w, https:\/\/aepadigital.org\/aepa\/wp-content\/uploads\/2023\/07\/WhatsApp-Image-2023-07-18-at-7.49.28-PM.jpeg 1501w\" sizes=\"auto, (max-width: 1024px) 100vw, 1024px\" \/>\t\t\t\t\t<\/a>\n\t\t\t\t\t\t\t<\/div>\n\t\t\t\t\t\t<h4 class=\"uagb-post__title uagb-post__text\">\n\t\t\t\t<a href=\"https:\/\/aepadigital.org\/aepa\/comunicacion-estrategica-en-la-agroindustria-tema-de-una-jornada-de-capacitacion-gratuita\/\" target=\"_self\" rel=\"bookmark noopener noreferrer\">Comunicaci\u00f3n Estrat\u00e9gica en la Agroindustria, tema de una jornada de capacitaci\u00f3n gratuita<\/a>\n\t\t\t<\/h4>\n\t\t\t\t\t\t<div class='uagb-post__text uagb-post-grid-byline'>\n\t\t\t\t\t\t\t\t<time datetime=\"2023-07-25T19:26:42-03:00\" class=\"uagb-post__date\">\n\t\t\t\t<span class=\"dashicons-calendar dashicons\"><\/span>\t\t\t\t\t25 de julio de 2023\t\t\t\t<\/time>\n\t\t\t\t\t\t\t<span class=\"uagb-post__comment\">\n\t\t\t\t<span class=\"dashicons-admin-comments dashicons\"><\/span>\t\t\t\t\tNo hay comentarios\t\t\t\t<\/span>\n\t\t\t\t\t\t<\/div>\n\t\t\t\t\t\t\t<div class='uagb-post__text uagb-post__excerpt'>\n\t\t\t\t\t<p>La Asociaci\u00f3n Entrerriana de Periodistas Agropecuarios (AEPA) organiza para el viernes primero de septiembre una&#8230;\t\t\t\t<\/div>\n\t\t\t\t\t\t<div class=\"uagb-post__text uagb-post__cta wp-block-button\">\n\t\t\t\t<a class=\"wp-block-button__link uagb-text-link\" style=\"\" href=\"https:\/\/aepadigital.org\/aepa\/comunicacion-estrategica-en-la-agroindustria-tema-de-una-jornada-de-capacitacion-gratuita\/\" target=\"_self\" rel=\"bookmark noopener noreferrer\">Leer m\u00e1s<\/a>\n\t\t\t<\/div>\n\t\t\t\n\t\t\t\t\t\t\t\t\t<\/article>\n\t\t\t\t\t\t\t\t\t\t\t\t\t\t\t\t<article class=\"uagb-post__inner-wrap\">\t\t\t\t\t\t\t\t<div class='uagb-post__image'>\n\t\t\t\t\t\t\t\t\t<a href=\"https:\/\/aepadigital.org\/aepa\/seminario-la-importancia-de-los-mercados-de-futuros-en-la-cadena-agroindustrial\/\" target=\"_self\" rel=\"bookmark noopener noreferrer\" class='uagb-image-ratio-inherit'><img loading=\"lazy\" decoding=\"async\" width=\"576\" height=\"1024\" src=\"https:\/\/aepadigital.org\/aepa\/wp-content\/uploads\/2023\/05\/312334649_2739371502874043_6427446507190554821_n-576x1024.jpeg\" class=\"attachment-large size-large\" alt=\"\" srcset=\"https:\/\/aepadigital.org\/aepa\/wp-content\/uploads\/2023\/05\/312334649_2739371502874043_6427446507190554821_n-576x1024.jpeg 576w, https:\/\/aepadigital.org\/aepa\/wp-content\/uploads\/2023\/05\/312334649_2739371502874043_6427446507190554821_n-169x300.jpeg 169w, https:\/\/aepadigital.org\/aepa\/wp-content\/uploads\/2023\/05\/312334649_2739371502874043_6427446507190554821_n.jpeg 720w\" sizes=\"auto, (max-width: 576px) 100vw, 576px\" \/>\t\t\t\t\t<\/a>\n\t\t\t\t\t\t\t<\/div>\n\t\t\t\t\t\t<h4 class=\"uagb-post__title uagb-post__text\">\n\t\t\t\t<a href=\"https:\/\/aepadigital.org\/aepa\/seminario-la-importancia-de-los-mercados-de-futuros-en-la-cadena-agroindustrial\/\" target=\"_self\" rel=\"bookmark noopener noreferrer\">Seminario: La importancia de los mercados de futuros en la cadena agroindustrial<\/a>\n\t\t\t<\/h4>\n\t\t\t\t\t\t<div class='uagb-post__text uagb-post-grid-byline'>\n\t\t\t\t\t\t\t\t<time datetime=\"2022-10-25T17:10:14-03:00\" class=\"uagb-post__date\">\n\t\t\t\t<span class=\"dashicons-calendar dashicons\"><\/span>\t\t\t\t\t25 de octubre de 2022\t\t\t\t<\/time>\n\t\t\t\t\t\t\t<span class=\"uagb-post__comment\">\n\t\t\t\t<span class=\"dashicons-admin-comments dashicons\"><\/span>\t\t\t\t\tNo hay comentarios\t\t\t\t<\/span>\n\t\t\t\t\t\t<\/div>\n\t\t\t\t\t\t\t<div class='uagb-post__text uagb-post__excerpt'>\n\t\t\t\t\t<p>Se realizar\u00e1 un seminario web para periodistas agropecuarios, denominado\u00a0\u201cLa importancia de los mercados de futuros&#8230;\t\t\t\t<\/div>\n\t\t\t\t\t\t<div class=\"uagb-post__text uagb-post__cta wp-block-button\">\n\t\t\t\t<a class=\"wp-block-button__link uagb-text-link\" style=\"\" href=\"https:\/\/aepadigital.org\/aepa\/seminario-la-importancia-de-los-mercados-de-futuros-en-la-cadena-agroindustrial\/\" target=\"_self\" rel=\"bookmark noopener noreferrer\">Leer m\u00e1s<\/a>\n\t\t\t<\/div>\n\t\t\t\n\t\t\t\t\t\t\t\t\t<\/article>\n\t\t\t\t\t\t\t\t\t\t\t\t\t\t\t\t<article class=\"uagb-post__inner-wrap\">\t\t\t\t\t\t\t\t<div class='uagb-post__image'>\n\t\t\t\t\t\t\t\t\t<a href=\"https:\/\/aepadigital.org\/aepa\/periodistas-entrerrianos-participaron-de-un-tour-productivo-en-catamarca\/\" target=\"_self\" rel=\"bookmark noopener noreferrer\" class='uagb-image-ratio-inherit'><img loading=\"lazy\" decoding=\"async\" width=\"1024\" height=\"1024\" src=\"https:\/\/aepadigital.org\/aepa\/wp-content\/uploads\/2023\/05\/283084388_2605000729644455_7249448077254224300_n-1024x1024.jpeg\" class=\"attachment-large size-large\" alt=\"\" srcset=\"https:\/\/aepadigital.org\/aepa\/wp-content\/uploads\/2023\/05\/283084388_2605000729644455_7249448077254224300_n-1024x1024.jpeg 1024w, https:\/\/aepadigital.org\/aepa\/wp-content\/uploads\/2023\/05\/283084388_2605000729644455_7249448077254224300_n-300x300.jpeg 300w, https:\/\/aepadigital.org\/aepa\/wp-content\/uploads\/2023\/05\/283084388_2605000729644455_7249448077254224300_n-150x150.jpeg 150w, https:\/\/aepadigital.org\/aepa\/wp-content\/uploads\/2023\/05\/283084388_2605000729644455_7249448077254224300_n-768x768.jpeg 768w, https:\/\/aepadigital.org\/aepa\/wp-content\/uploads\/2023\/05\/283084388_2605000729644455_7249448077254224300_n-400x400.jpeg 400w, https:\/\/aepadigital.org\/aepa\/wp-content\/uploads\/2023\/05\/283084388_2605000729644455_7249448077254224300_n.jpeg 1280w\" sizes=\"auto, (max-width: 1024px) 100vw, 1024px\" \/>\t\t\t\t\t<\/a>\n\t\t\t\t\t\t\t<\/div>\n\t\t\t\t\t\t<h4 class=\"uagb-post__title uagb-post__text\">\n\t\t\t\t<a href=\"https:\/\/aepadigital.org\/aepa\/periodistas-entrerrianos-participaron-de-un-tour-productivo-en-catamarca\/\" target=\"_self\" rel=\"bookmark noopener noreferrer\">Periodistas Entrerrianos participaron de un Tour Productivo en Catamarca<\/a>\n\t\t\t<\/h4>\n\t\t\t\t\t\t<div class='uagb-post__text uagb-post-grid-byline'>\n\t\t\t\t\t\t\t\t<time datetime=\"2022-05-24T17:57:25-03:00\" class=\"uagb-post__date\">\n\t\t\t\t<span class=\"dashicons-calendar dashicons\"><\/span>\t\t\t\t\t24 de mayo de 2022\t\t\t\t<\/time>\n\t\t\t\t\t\t\t<span class=\"uagb-post__comment\">\n\t\t\t\t<span class=\"dashicons-admin-comments dashicons\"><\/span>\t\t\t\t\tNo hay comentarios\t\t\t\t<\/span>\n\t\t\t\t\t\t<\/div>\n\t\t\t\t\t\t\t<div class='uagb-post__text uagb-post__excerpt'>\n\t\t\t\t\t<p>Este s\u00e1bado 14 de mayo, integrantes de la Asociaci\u00f3n Entrerriana de Periodistas Agropecuarios recorrieron emprendimientos&#8230;\t\t\t\t<\/div>\n\t\t\t\t\t\t<div class=\"uagb-post__text uagb-post__cta wp-block-button\">\n\t\t\t\t<a class=\"wp-block-button__link uagb-text-link\" style=\"\" href=\"https:\/\/aepadigital.org\/aepa\/periodistas-entrerrianos-participaron-de-un-tour-productivo-en-catamarca\/\" target=\"_self\" rel=\"bookmark noopener noreferrer\">Leer m\u00e1s<\/a>\n\t\t\t<\/div>\n\t\t\t\n\t\t\t\t\t\t\t\t\t<\/article>\n\t\t\t\t\t\t\t\t\t\t\t\t\t\t\t\t<article class=\"uagb-post__inner-wrap\">\t\t\t\t\t\t\t\t<div class='uagb-post__image'>\n\t\t\t\t\t\t\t\t\t<a href=\"https:\/\/aepadigital.org\/aepa\/en-federal-se-realizara-la-charla-como-comunicar-mejor-al-agro\/\" target=\"_self\" rel=\"bookmark noopener noreferrer\" class='uagb-image-ratio-inherit'><img loading=\"lazy\" decoding=\"async\" width=\"1024\" height=\"1024\" src=\"https:\/\/aepadigital.org\/aepa\/wp-content\/uploads\/2023\/05\/283702630_2604247549719773_8430763565342177523_n-1024x1024.jpeg\" class=\"attachment-large size-large\" alt=\"\" srcset=\"https:\/\/aepadigital.org\/aepa\/wp-content\/uploads\/2023\/05\/283702630_2604247549719773_8430763565342177523_n-1024x1024.jpeg 1024w, https:\/\/aepadigital.org\/aepa\/wp-content\/uploads\/2023\/05\/283702630_2604247549719773_8430763565342177523_n-300x300.jpeg 300w, https:\/\/aepadigital.org\/aepa\/wp-content\/uploads\/2023\/05\/283702630_2604247549719773_8430763565342177523_n-150x150.jpeg 150w, https:\/\/aepadigital.org\/aepa\/wp-content\/uploads\/2023\/05\/283702630_2604247549719773_8430763565342177523_n-768x768.jpeg 768w, https:\/\/aepadigital.org\/aepa\/wp-content\/uploads\/2023\/05\/283702630_2604247549719773_8430763565342177523_n-400x400.jpeg 400w, https:\/\/aepadigital.org\/aepa\/wp-content\/uploads\/2023\/05\/283702630_2604247549719773_8430763565342177523_n.jpeg 1080w\" sizes=\"auto, (max-width: 1024px) 100vw, 1024px\" \/>\t\t\t\t\t<\/a>\n\t\t\t\t\t\t\t<\/div>\n\t\t\t\t\t\t<h4 class=\"uagb-post__title uagb-post__text\">\n\t\t\t\t<a href=\"https:\/\/aepadigital.org\/aepa\/en-federal-se-realizara-la-charla-como-comunicar-mejor-al-agro\/\" target=\"_self\" rel=\"bookmark noopener noreferrer\">En Federal, se realizar\u00e1 la charla \u201cC\u00f3mo comunicar mejor al agro\u201d<\/a>\n\t\t\t<\/h4>\n\t\t\t\t\t\t<div class='uagb-post__text uagb-post-grid-byline'>\n\t\t\t\t\t\t\t\t<time datetime=\"2022-05-23T18:05:37-03:00\" class=\"uagb-post__date\">\n\t\t\t\t<span class=\"dashicons-calendar dashicons\"><\/span>\t\t\t\t\t23 de mayo de 2022\t\t\t\t<\/time>\n\t\t\t\t\t\t\t<span class=\"uagb-post__comment\">\n\t\t\t\t<span class=\"dashicons-admin-comments dashicons\"><\/span>\t\t\t\t\tNo hay comentarios\t\t\t\t<\/span>\n\t\t\t\t\t\t<\/div>\n\t\t\t\t\t\t\t<div class='uagb-post__text uagb-post__excerpt'>\n\t\t\t\t\t<p>La Asociaci\u00f3n Entrerriana de Periodistas Agropecuarios junto a la Sociedad Rural de Federal invitan a&#8230;\t\t\t\t<\/div>\n\t\t\t\t\t\t<div class=\"uagb-post__text uagb-post__cta wp-block-button\">\n\t\t\t\t<a class=\"wp-block-button__link uagb-text-link\" style=\"\" href=\"https:\/\/aepadigital.org\/aepa\/en-federal-se-realizara-la-charla-como-comunicar-mejor-al-agro\/\" target=\"_self\" rel=\"bookmark noopener noreferrer\">Leer m\u00e1s<\/a>\n\t\t\t<\/div>\n\t\t\t\n\t\t\t\t\t\t\t\t\t<\/article>\n\t\t\t\t\t\t\t\t\t\t\t\t\t\t\t\t<article class=\"uagb-post__inner-wrap\">\t\t\t\t\t\t\t\t<h4 class=\"uagb-post__title uagb-post__text\">\n\t\t\t\t<a href=\"https:\/\/aepadigital.org\/aepa\/primer-tour-productivo\/\" target=\"_self\" rel=\"bookmark noopener noreferrer\">PRIMER TOUR PRODUCTIVO<\/a>\n\t\t\t<\/h4>\n\t\t\t\t\t\t<div class='uagb-post__text uagb-post-grid-byline'>\n\t\t\t\t\t\t\t\t<time datetime=\"2022-03-24T18:17:56-03:00\" class=\"uagb-post__date\">\n\t\t\t\t<span class=\"dashicons-calendar dashicons\"><\/span>\t\t\t\t\t24 de marzo de 2022\t\t\t\t<\/time>\n\t\t\t\t\t\t\t<span class=\"uagb-post__comment\">\n\t\t\t\t<span class=\"dashicons-admin-comments dashicons\"><\/span>\t\t\t\t\tNo hay comentarios\t\t\t\t<\/span>\n\t\t\t\t\t\t<\/div>\n\t\t\t\t\t\t\t<div class='uagb-post__text uagb-post__excerpt'>\n\t\t\t\t\t<p>La Asociaci\u00f3n Entrerriana de Periodistas Agropecuarios invitan a participar del Primer Tour Productivo denominado \u201cProducir&#8230;\t\t\t\t<\/div>\n\t\t\t\t\t\t<div class=\"uagb-post__text uagb-post__cta wp-block-button\">\n\t\t\t\t<a class=\"wp-block-button__link uagb-text-link\" style=\"\" href=\"https:\/\/aepadigital.org\/aepa\/primer-tour-productivo\/\" target=\"_self\" rel=\"bookmark noopener noreferrer\">Leer m\u00e1s<\/a>\n\t\t\t<\/div>\n\t\t\t\n\t\t\t\t\t\t\t\t\t<\/article>\n\t\t\t\t\t\t\t\t\t\t\t<\/div>\n\t\t\t<\/div>\r\n<\/div>\r\n","protected":false},"excerpt":{"rendered":"<p>Actividades \u00a0<\/p>\n","protected":false},"author":1,"featured_media":0,"parent":0,"menu_order":0,"comment_status":"closed","ping_status":"closed","template":"","meta":{"_uag_custom_page_level_css":"","site-sidebar-layout":"default","site-content-layout":"default","ast-site-content-layout":"default","site-content-style":"default","site-sidebar-style":"default","ast-global-header-display":"","ast-banner-title-visibility":"","ast-main-header-display":"","ast-hfb-above-header-display":"","ast-hfb-below-header-display":"","ast-hfb-mobile-header-display":"","site-post-title":"disabled","ast-breadcrumbs-content":"","ast-featured-img":"","footer-sml-layout":"","theme-transparent-header-meta":"default","adv-header-id-meta":"","stick-header-meta":"","header-above-stick-meta":"","header-main-stick-meta":"","header-below-stick-meta":"","astra-migrate-meta-layouts":"default","ast-page-background-enabled":"default","ast-page-background-meta":{"desktop":{"background-color":"","background-image":"","background-repeat":"repeat","background-position":"center center","background-size":"auto","background-attachment":"scroll","background-type":"","background-media":"","overlay-type":"","overlay-color":"","overlay-opacity":"","overlay-gradient":""},"tablet":{"background-color":"","background-image":"","background-repeat":"repeat","background-position":"center center","background-size":"auto","background-attachment":"scroll","background-type":"","background-media":"","overlay-type":"","overlay-color":"","overlay-opacity":"","overlay-gradient":""},"mobile":{"background-color":"","background-image":"","background-repeat":"repeat","background-position":"center center","background-size":"auto","background-attachment":"scroll","background-type":"","background-media":"","overlay-type":"","overlay-color":"","overlay-opacity":"","overlay-gradient":""}},"ast-content-background-meta":{"desktop":{"background-color":"var(--ast-global-color-5)","background-image":"","background-repeat":"repeat","background-position":"center center","background-size":"auto","background-attachment":"scroll","background-type":"","background-media":"","overlay-type":"","overlay-color":"","overlay-opacity":"","overlay-gradient":""},"tablet":{"background-color":"var(--ast-global-color-5)","background-image":"","background-repeat":"repeat","background-position":"center center","background-size":"auto","background-attachment":"scroll","background-type":"","background-media":"","overlay-type":"","overlay-color":"","overlay-opacity":"","overlay-gradient":""},"mobile":{"background-color":"var(--ast-global-color-5)","background-image":"","background-repeat":"repeat","background-position":"center center","background-size":"auto","background-attachment":"scroll","background-type":"","background-media":"","overlay-type":"","overlay-color":"","overlay-opacity":"","overlay-gradient":""}},"footnotes":""},"class_list":["post-626","page","type-page","status-publish","hentry"],"uagb_featured_image_src":{"full":false,"thumbnail":false,"medium":false,"medium_large":false,"large":false,"1536x1536":false,"2048x2048":false},"uagb_author_info":{"display_name":"Aepa","author_link":"https:\/\/aepadigital.org\/aepa\/author\/aepa\/"},"uagb_comment_info":0,"uagb_excerpt":"Actividades \u00a0","_links":{"self":[{"href":"https:\/\/aepadigital.org\/aepa\/wp-json\/wp\/v2\/pages\/626","targetHints":{"allow":["GET"]}}],"collection":[{"href":"https:\/\/aepadigital.org\/aepa\/wp-json\/wp\/v2\/pages"}],"about":[{"href":"https:\/\/aepadigital.org\/aepa\/wp-json\/wp\/v2\/types\/page"}],"author":[{"embeddable":true,"href":"https:\/\/aepadigital.org\/aepa\/wp-json\/wp\/v2\/users\/1"}],"replies":[{"embeddable":true,"href":"https:\/\/aepadigital.org\/aepa\/wp-json\/wp\/v2\/comments?post=626"}],"version-history":[{"count":3,"href":"https:\/\/aepadigital.org\/aepa\/wp-json\/wp\/v2\/pages\/626\/revisions"}],"predecessor-version":[{"id":722,"href":"https:\/\/aepadigital.org\/aepa\/wp-json\/wp\/v2\/pages\/626\/revisions\/722"}],"wp:attachment":[{"href":"https:\/\/aepadigital.org\/aepa\/wp-json\/wp\/v2\/media?parent=626"}],"curies":[{"name":"wp","href":"https:\/\/api.w.org\/{rel}","templated":true}]}}